{"id":437,"date":"2022-08-23T15:53:23","date_gmt":"2022-08-23T15:53:23","guid":{"rendered":"https:\/\/phds.cat\/es\/?page_id=437"},"modified":"2022-08-23T18:17:34","modified_gmt":"2022-08-23T18:17:34","slug":"aviso-legal","status":"publish","type":"page","link":"https:\/\/phds.cat\/es\/aviso-legal\/","title":{"rendered":"Aviso Legal"},"content":{"rendered":"\n<p>En cumplimiento con el deber de informaci\u00f3n recogido en art\u00edculo 10 de la Ley 34\/2002, de 11 de julio, de Servicios de la Sociedad de la Informaci\u00f3n y del Comercio Electr\u00f3nico (LSSICE), el propietario de la web , le informa de lo siguiente:<\/p>\n\n\n\n<ul class=\"wp-block-list\"><li>Denominaci\u00f3n social: Pharmaceutical Digital Solutions S.L.<\/li><li>NIF: <\/li><li>Domicilio: C\/ Poca Farina, 2 \u2013 2, 1, 17130 \u2013 L\u2019Escala (Girona)<\/li><\/ul>\n\n\n\n<p>Con los l\u00edmites establecidos en la ley, Pharmaceutical Digital Solutions S.L. no asume ninguna responsabilidad derivada de la falta de veracidad, integridad, actualizaci\u00f3n y precisi\u00f3n de los datos o informaciones que contienen sus p\u00e1ginas web.<\/p>\n\n\n\n<p>Los contenidos e informaci\u00f3n no vinculan a Pharmaceutical Digital Solutions S.L. ni constituyen opiniones, consejos o asesoramiento legal de ning\u00fan tipo, pues se trata meramente de un servicio ofrecido con car\u00e1cter informativo y divulgativo.<\/p>\n\n\n\n<p>Las p\u00e1ginas de Internet de Pharmaceutical Digital Solutions S.L. pueden contener enlaces (links) a otras p\u00e1ginas de terceras partes que Pharmaceutical Digital Solutions S.L. no puede controlar. Por lo tanto, Pharmaceutical Digital Solutions S.L. no puede asumir responsabilidades por el contenido que pueda aparecer en p\u00e1ginas de terceros.<\/p>\n\n\n\n<p>Los textos, im\u00e1genes, sonidos, animaciones, software y el resto de contenidos incluidos en este website son propiedad exclusiva de Pharmaceutical Digital Solutions S.L o sus licenciantes. Cualquier acto de transmisi\u00f3n, distribuci\u00f3n, cesi\u00f3n, reproducci\u00f3n, almacenamiento o comunicaci\u00f3n p\u00fablica total o parcial, deber\u00e1 contar con el consentimiento expreso de Pharmaceutical Digital Solutions S.L.<\/p>\n\n\n\n<p>Asimismo, para acceder a algunos de los servicios que Pharmaceutical Digital Solutions S.L. ofrece a trav\u00e9s del sitio web, deber\u00e1 proporcionar algunos datos de car\u00e1cter personal. En cumplimiento de lo establecido en el Reglamento (UE) 2016\/679 del Parlamento Europeo y del Consejo, de 27 de abril de 2016, relativo a la protecci\u00f3n de las personas f\u00edsicas en lo que respecta al tratamiento de datos personales y a la libre circulaci\u00f3n de estos datos le informamos que, mediante la cumplimentaci\u00f3n de los presentes formularios, sus datos personales quedar\u00e1n incorporados y ser\u00e1n tratados en los ficheros de Pharmaceutical Digital Solutions S.L. con el fin de poderle prestar y ofrecer nuestros servicios as\u00ed como para informarle de las mejoras del sitio Web.<\/p>\n\n\n\n<p>Le informamos tambi\u00e9n de que tendr\u00e1 la posibilidad en todo momento de ejercer los derechos de acceso, rectificaci\u00f3n, cancelaci\u00f3n, oposici\u00f3n, limitaci\u00f3n y portabilidad de sus datos de car\u00e1cter personal, de manera gratuita mediante email a: <a href=\"mailto: marketing@phds.cat\">marketing@phds.cat <\/a>o en la direcci\u00f3n: C\/ Poca Farina, 2 \u2013 2, 1, 17130 \u2013 L\u2019Escala (Girona).<\/p>\n\n\n\n<p>REV: 20.3009<\/p>\n","protected":false},"excerpt":{"rendered":"<p>En cumplimiento con el deber de informaci\u00f3n recogido en art\u00edculo 10 de la Ley 34\/2002, de 11 de julio, de Servicios de la Sociedad de la Informaci\u00f3n y del Comercio Electr\u00f3nico (LSSICE), el propietario de la web , le informa de lo siguiente: Denominaci\u00f3n social: Pharmaceutical Digital Solutions S.L. NIF: [&hellip;]<\/p>\n","protected":false},"author":1,"featured_media":0,"parent":0,"menu_order":0,"comment_status":"closed","ping_status":"closed","template":"","meta":{"_monsterinsights_skip_tracking":false,"_monsterinsights_sitenote_active":false,"_monsterinsights_sitenote_note":"","_monsterinsights_sitenote_category":0,"footnotes":""},"class_list":["post-437","page","type-page","status-publish","hentry"],"yoast_head":"<!-- This site is optimized with the Yoast SEO plugin v27.5 - https:\/\/yoast.com\/product\/yoast-seo-wordpress\/ -->\n<title>Aviso Legal - PhDS - Pharmaceutical digital solutions S.L<\/title>\n<meta name=\"description\" content=\"Aqu\u00ed puedes encontrar toda la informaci\u00f3n legal de Pharmaceutical Digital Solutions S.L, junto con los datos de contacto.\" \/>\n<meta name=\"robots\" content=\"index, follow, max-snippet:-1, max-image-preview:large, max-video-preview:-1\" \/>\n<link rel=\"canonical\" href=\"https:\/\/phds.cat\/es\/aviso-legal\/\" \/>\n<meta property=\"og:locale\" content=\"es_ES\" \/>\n<meta property=\"og:type\" content=\"article\" \/>\n<meta property=\"og:title\" content=\"Aviso Legal - PhDS - Pharmaceutical digital solutions S.L\" \/>\n<meta property=\"og:description\" content=\"Aqu\u00ed puedes encontrar toda la informaci\u00f3n legal de Pharmaceutical Digital Solutions S.L, junto con los datos de contacto.\" \/>\n<meta property=\"og:url\" content=\"https:\/\/phds.cat\/es\/aviso-legal\/\" \/>\n<meta property=\"og:site_name\" content=\"PhDS - Pharmaceutical digital solutions S.L\" \/>\n<meta property=\"article:modified_time\" content=\"2022-08-23T18:17:34+00:00\" \/>\n<meta name=\"twitter:card\" content=\"summary_large_image\" \/>\n<meta name=\"twitter:label1\" content=\"Tiempo de lectura\" \/>\n\t<meta name=\"twitter:data1\" content=\"2 minutos\" \/>\n<script type=\"application\/ld+json\" class=\"yoast-schema-graph\">{\"@context\":\"https:\\\/\\\/schema.org\",\"@graph\":[{\"@type\":\"WebPage\",\"@id\":\"https:\\\/\\\/phds.cat\\\/es\\\/aviso-legal\\\/\",\"url\":\"https:\\\/\\\/phds.cat\\\/es\\\/aviso-legal\\\/\",\"name\":\"Aviso Legal - PhDS - Pharmaceutical digital solutions S.L\",\"isPartOf\":{\"@id\":\"https:\\\/\\\/phds.cat\\\/es\\\/#website\"},\"datePublished\":\"2022-08-23T15:53:23+00:00\",\"dateModified\":\"2022-08-23T18:17:34+00:00\",\"description\":\"Aqu\u00ed puedes encontrar toda la informaci\u00f3n legal de Pharmaceutical Digital Solutions S.L, junto con los datos de contacto.\",\"breadcrumb\":{\"@id\":\"https:\\\/\\\/phds.cat\\\/es\\\/aviso-legal\\\/#breadcrumb\"},\"inLanguage\":\"es\",\"potentialAction\":[{\"@type\":\"ReadAction\",\"target\":[\"https:\\\/\\\/phds.cat\\\/es\\\/aviso-legal\\\/\"]}]},{\"@type\":\"BreadcrumbList\",\"@id\":\"https:\\\/\\\/phds.cat\\\/es\\\/aviso-legal\\\/#breadcrumb\",\"itemListElement\":[{\"@type\":\"ListItem\",\"position\":1,\"name\":\"Home\",\"item\":\"https:\\\/\\\/phds.cat\\\/es\\\/\"},{\"@type\":\"ListItem\",\"position\":2,\"name\":\"Aviso Legal\"}]},{\"@type\":\"WebSite\",\"@id\":\"https:\\\/\\\/phds.cat\\\/es\\\/#website\",\"url\":\"https:\\\/\\\/phds.cat\\\/es\\\/\",\"name\":\"PhDS - Pharmaceutical digital solutions S.L\",\"description\":\"La evoluci\u00f3n de la farmacia moderna\",\"publisher\":{\"@id\":\"https:\\\/\\\/phds.cat\\\/es\\\/#organization\"},\"potentialAction\":[{\"@type\":\"SearchAction\",\"target\":{\"@type\":\"EntryPoint\",\"urlTemplate\":\"https:\\\/\\\/phds.cat\\\/es\\\/?s={search_term_string}\"},\"query-input\":{\"@type\":\"PropertyValueSpecification\",\"valueRequired\":true,\"valueName\":\"search_term_string\"}}],\"inLanguage\":\"es\"},{\"@type\":\"Organization\",\"@id\":\"https:\\\/\\\/phds.cat\\\/es\\\/#organization\",\"name\":\"PhDS - Pharmaceutical digital solutions S.L\",\"url\":\"https:\\\/\\\/phds.cat\\\/es\\\/\",\"logo\":{\"@type\":\"ImageObject\",\"inLanguage\":\"es\",\"@id\":\"https:\\\/\\\/phds.cat\\\/es\\\/#\\\/schema\\\/logo\\\/image\\\/\",\"url\":\"https:\\\/\\\/phds.cat\\\/es\\\/wp-content\\\/uploads\\\/sites\\\/8\\\/2022\\\/08\\\/PhDS-1.png\",\"contentUrl\":\"https:\\\/\\\/phds.cat\\\/es\\\/wp-content\\\/uploads\\\/sites\\\/8\\\/2022\\\/08\\\/PhDS-1.png\",\"width\":1720,\"height\":600,\"caption\":\"PhDS - Pharmaceutical digital solutions S.L\"},\"image\":{\"@id\":\"https:\\\/\\\/phds.cat\\\/es\\\/#\\\/schema\\\/logo\\\/image\\\/\"}}]}<\/script>\n<!-- \/ Yoast SEO plugin. -->","yoast_head_json":{"title":"Aviso Legal - PhDS - Pharmaceutical digital solutions S.L","description":"Aqu\u00ed puedes encontrar toda la informaci\u00f3n legal de Pharmaceutical Digital Solutions S.L, junto con los datos de contacto.","robots":{"index":"index","follow":"follow","max-snippet":"max-snippet:-1","max-image-preview":"max-image-preview:large","max-video-preview":"max-video-preview:-1"},"canonical":"https:\/\/phds.cat\/es\/aviso-legal\/","og_locale":"es_ES","og_type":"article","og_title":"Aviso Legal - PhDS - Pharmaceutical digital solutions S.L","og_description":"Aqu\u00ed puedes encontrar toda la informaci\u00f3n legal de Pharmaceutical Digital Solutions S.L, junto con los datos de contacto.","og_url":"https:\/\/phds.cat\/es\/aviso-legal\/","og_site_name":"PhDS - Pharmaceutical digital solutions S.L","article_modified_time":"2022-08-23T18:17:34+00:00","twitter_card":"summary_large_image","twitter_misc":{"Tiempo de lectura":"2 minutos"},"schema":{"@context":"https:\/\/schema.org","@graph":[{"@type":"WebPage","@id":"https:\/\/phds.cat\/es\/aviso-legal\/","url":"https:\/\/phds.cat\/es\/aviso-legal\/","name":"Aviso Legal - PhDS - Pharmaceutical digital solutions S.L","isPartOf":{"@id":"https:\/\/phds.cat\/es\/#website"},"datePublished":"2022-08-23T15:53:23+00:00","dateModified":"2022-08-23T18:17:34+00:00","description":"Aqu\u00ed puedes encontrar toda la informaci\u00f3n legal de Pharmaceutical Digital Solutions S.L, junto con los datos de contacto.","breadcrumb":{"@id":"https:\/\/phds.cat\/es\/aviso-legal\/#breadcrumb"},"inLanguage":"es","potentialAction":[{"@type":"ReadAction","target":["https:\/\/phds.cat\/es\/aviso-legal\/"]}]},{"@type":"BreadcrumbList","@id":"https:\/\/phds.cat\/es\/aviso-legal\/#breadcrumb","itemListElement":[{"@type":"ListItem","position":1,"name":"Home","item":"https:\/\/phds.cat\/es\/"},{"@type":"ListItem","position":2,"name":"Aviso Legal"}]},{"@type":"WebSite","@id":"https:\/\/phds.cat\/es\/#website","url":"https:\/\/phds.cat\/es\/","name":"PhDS - Pharmaceutical digital solutions S.L","description":"La evoluci\u00f3n de la farmacia moderna","publisher":{"@id":"https:\/\/phds.cat\/es\/#organization"},"potentialAction":[{"@type":"SearchAction","target":{"@type":"EntryPoint","urlTemplate":"https:\/\/phds.cat\/es\/?s={search_term_string}"},"query-input":{"@type":"PropertyValueSpecification","valueRequired":true,"valueName":"search_term_string"}}],"inLanguage":"es"},{"@type":"Organization","@id":"https:\/\/phds.cat\/es\/#organization","name":"PhDS - Pharmaceutical digital solutions S.L","url":"https:\/\/phds.cat\/es\/","logo":{"@type":"ImageObject","inLanguage":"es","@id":"https:\/\/phds.cat\/es\/#\/schema\/logo\/image\/","url":"https:\/\/phds.cat\/es\/wp-content\/uploads\/sites\/8\/2022\/08\/PhDS-1.png","contentUrl":"https:\/\/phds.cat\/es\/wp-content\/uploads\/sites\/8\/2022\/08\/PhDS-1.png","width":1720,"height":600,"caption":"PhDS - Pharmaceutical digital solutions S.L"},"image":{"@id":"https:\/\/phds.cat\/es\/#\/schema\/logo\/image\/"}}]}},"_links":{"self":[{"href":"https:\/\/phds.cat\/es\/wp-json\/wp\/v2\/pages\/437","targetHints":{"allow":["GET"]}}],"collection":[{"href":"https:\/\/phds.cat\/es\/wp-json\/wp\/v2\/pages"}],"about":[{"href":"https:\/\/phds.cat\/es\/wp-json\/wp\/v2\/types\/page"}],"author":[{"embeddable":true,"href":"https:\/\/phds.cat\/es\/wp-json\/wp\/v2\/users\/1"}],"replies":[{"embeddable":true,"href":"https:\/\/phds.cat\/es\/wp-json\/wp\/v2\/comments?post=437"}],"version-history":[{"count":0,"href":"https:\/\/phds.cat\/es\/wp-json\/wp\/v2\/pages\/437\/revisions"}],"wp:attachment":[{"href":"https:\/\/phds.cat\/es\/wp-json\/wp\/v2\/media?parent=437"}],"curies":[{"name":"wp","href":"https:\/\/api.w.org\/{rel}","templated":true}]}}